{"id":2862,"date":"2023-02-10T11:30:37","date_gmt":"2023-02-10T11:30:37","guid":{"rendered":"https:\/wroclaw\/wroclaw.centralpark.pl\/?page_id=2862"},"modified":"2023-02-10T11:30:40","modified_gmt":"2023-02-10T11:30:40","slug":"wroclaw-mieszkania-na-sprzedaz-rynek-pierwotny","status":"publish","type":"page","link":"https:\/\/centralpark.pl\/wroclaw\/wroclaw-mieszkania-na-sprzedaz-rynek-pierwotny\/","title":{"rendered":"Wroc\u0142aw &#8211; mieszkania na sprzeda\u017c rynek pierwotny"},"content":{"rendered":"\n<p>Apartamenty Central Park Wroc\u0142aw to inwestycja obejmuj\u0105ca pi\u0119\u0107 9-kondygnacyjnych budynk\u00f3w, w kt\u00f3rych umiejscowione s\u0105 luksusowe lokale mieszkalne. Kompleks znajduje si\u0119 we Wroc\u0142awiu w dzielnicy \u015ar\u00f3dmie\u015bcie. Mieszkania na sprzeda\u017c pochodz\u0105 bezpo\u015brednio od dewelopera. Wszystkie wyposa\u017cone s\u0105 w nowoczesne rozwi\u0105zania i maj\u0105 dost\u0119p do balkonu, tarasu lub ogr\u00f3dka. Poza tym mieszka\u0144cy maj\u0105 dost\u0119p do si\u0142owni, strefy relaksu, a pod budynkami jest wygodny parking podziemny.<\/p>\n\n\n\n<h2 class=\"wp-block-heading\">Central Park Wroc\u0142aw \u2013 nieruchomo\u015bci na sprzeda\u017c<\/h2>\n\n\n\n<p>Urokliwe uliczki, nabrze\u017ce Odry i liczne zabytki skontrastowane ze \u015bwiatem rozrywki \u2013 to w\u0142a\u015bnie Wroc\u0142aw. Tutaj znajduj\u0105 si\u0119 nasze mieszkania na sprzeda\u017c. Rynek pierwotny stanowi gwarancj\u0119 nabycia nieruchomo\u015bci bezpo\u015brednio od inwestora, ca\u0142kowicie nowej i ju\u017c gotowej do odbioru. Oferowane przez nas apartamenty dost\u0119pne s\u0105 w r\u00f3\u017cnych metra\u017cach. Ka\u017cdy z nich wyposa\u017cony jest jednak w szereg nowoczesnych rozwi\u0105za\u0144, a tak\u017ce, nadaj\u0105ce wn\u0119trzu przestronno\u015bci, panoramiczne okna i wysokie stropy.<\/p>\n\n\n\n<p>Szukaj\u0105c we Wroc\u0142awiu mieszkania, zwr\u00f3\u0107 uwag\u0119 na rynek pierwotny, w ramach kt\u00f3rego prowadzimy sprzeda\u017c w apartamentach Central Park. Nabywaj\u0105c u nas mieszkanie, zyskujesz dost\u0119p obiekt\u00f3w takich jak si\u0142ownia, sauna, grota solna czy pok\u00f3j inhalacyjny. Ponadto nie musisz martwi\u0107 si\u0119 o miejsce parkingowe czy dost\u0119p do stacji \u0142adowania samochod\u00f3w elektrycznych \u2013 wszystko to znajduje si\u0119 na terenie naszej inwestycji.<\/p>\n\n\n\n<h2 class=\"wp-block-heading\">Wroc\u0142aw \u2013 mieszkania na sprzeda\u017c. Rynek pierwotny gwarancj\u0105 satysfakcji z wyboru<\/h2>\n\n\n\n<p>Nasze zlokalizowane we Wroc\u0142awiu nieruchomo\u015bci na sprzeda\u017c to nie tylko znakomita oferta mieszkaniowa. Osoby decyduj\u0105ce si\u0119 na zakup apartament\u00f3w zyskuj\u0105 bowiem dost\u0119p do wcze\u015bniej wymienionych licznych udogodnie\u0144, ale r\u00f3wnie\u017c mo\u017cliwo\u015b\u0107 skorzystania z us\u0142ugi concierge. Je\u015bli zatem chcesz poczu\u0107 si\u0119 luksusowo, a ponadto w obr\u0119bie swego miejsca zamieszkania mie\u0107 dost\u0119p do wielu atrakcji bez konieczno\u015bci przemieszczania si\u0119 poza teren inwestycji \u2013 rozwa\u017c nabycie jednego z naszych luksusowych apartament\u00f3w. Zach\u0119camy do kontaktu z biurem sprzeda\u017cy.<\/p>\n","protected":false},"excerpt":{"rendered":"<p>Apartamenty Central Park Wroc\u0142aw to inwestycja obejmuj\u0105ca pi\u0119\u0107 9-kondygnacyjnych budynk\u00f3w, w kt\u00f3rych umiejscowione s\u0105 luksusowe lokale mieszkalne. Kompleks znajduje si\u0119 we Wroc\u0142awiu w dzielnicy \u015ar\u00f3dmie\u015bcie. Mieszkania na sprzeda\u017c pochodz\u0105 bezpo\u015brednio od dewelopera. Wszystkie wyposa\u017cone s\u0105 w nowoczesne rozwi\u0105zania i maj\u0105 dost\u0119p do balkonu, tarasu lub ogr\u00f3dka. Poza tym mieszka\u0144cy maj\u0105 dost\u0119p do si\u0142owni, strefy relaksu, [&hellip;]<\/p>\n","protected":false},"author":6,"featured_media":0,"parent":0,"menu_order":0,"comment_status":"closed","ping_status":"closed","template":"","meta":{"_acf_changed":false,"inline_featured_image":false,"footnotes":""},"class_list":["post-2862","page","type-page","status-publish","hentry"],"acf":[],"yoast_head":"<!-- This site is optimized with the Yoast SEO plugin v19.11 - https:\/\/yoast.com\/wordpress\/plugins\/seo\/ -->\n<title>Mieszkania i nieruchomo\u015bci na sprzeda\u017c rynek pierwotny \u015br\u00f3dmie\u015bcie - Central Park Wroc\u0142aw<\/title>\n<meta name=\"robots\" content=\"index, follow, max-snippet:-1, max-image-preview:large, max-video-preview:-1\" \/>\n<link rel=\"canonical\" href=\"https:\/\/centralpark.pl\/wroclaw\/wroclaw-mieszkania-na-sprzedaz-rynek-pierwotny\/\" \/>\n<meta property=\"og:locale\" content=\"pl_PL\" \/>\n<meta property=\"og:type\" content=\"article\" \/>\n<meta property=\"og:title\" content=\"Mieszkania i nieruchomo\u015bci na sprzeda\u017c rynek pierwotny \u015br\u00f3dmie\u015bcie - Central Park Wroc\u0142aw\" \/>\n<meta property=\"og:description\" content=\"Apartamenty Central Park Wroc\u0142aw to inwestycja obejmuj\u0105ca pi\u0119\u0107 9-kondygnacyjnych budynk\u00f3w, w kt\u00f3rych umiejscowione s\u0105 luksusowe lokale mieszkalne. Kompleks znajduje si\u0119 we Wroc\u0142awiu w dzielnicy \u015ar\u00f3dmie\u015bcie. Mieszkania na sprzeda\u017c pochodz\u0105 bezpo\u015brednio od dewelopera. Wszystkie wyposa\u017cone s\u0105 w nowoczesne rozwi\u0105zania i maj\u0105 dost\u0119p do balkonu, tarasu lub ogr\u00f3dka. Poza tym mieszka\u0144cy maj\u0105 dost\u0119p do si\u0142owni, strefy relaksu, [&hellip;]\" \/>\n<meta property=\"og:url\" content=\"https:\/\/centralpark.pl\/wroclaw\/wroclaw-mieszkania-na-sprzedaz-rynek-pierwotny\/\" \/>\n<meta property=\"og:site_name\" content=\"Central Park Wroc\u0142aw\" \/>\n<meta property=\"article:modified_time\" content=\"2023-02-10T11:30:40+00:00\" \/>\n<meta name=\"twitter:card\" content=\"summary_large_image\" \/>\n<meta name=\"twitter:label1\" content=\"Szacowany czas czytania\" \/>\n\t<meta name=\"twitter:data1\" content=\"2 minuty\" \/>\n<script type=\"application\/ld+json\" class=\"yoast-schema-graph\">{\"@context\":\"https:\/\/schema.org\",\"@graph\":[{\"@type\":\"WebPage\",\"@id\":\"https:\/\/centralpark.pl\/wroclaw\/wroclaw-mieszkania-na-sprzedaz-rynek-pierwotny\/\",\"url\":\"https:\/\/centralpark.pl\/wroclaw\/wroclaw-mieszkania-na-sprzedaz-rynek-pierwotny\/\",\"name\":\"Mieszkania i nieruchomo\u015bci na sprzeda\u017c rynek pierwotny \u015br\u00f3dmie\u015bcie - Central Park Wroc\u0142aw\",\"isPartOf\":{\"@id\":\"https:\/\/centralpark.pl\/wroclaw\/#website\"},\"datePublished\":\"2023-02-10T11:30:37+00:00\",\"dateModified\":\"2023-02-10T11:30:40+00:00\",\"breadcrumb\":{\"@id\":\"https:\/\/centralpark.pl\/wroclaw\/wroclaw-mieszkania-na-sprzedaz-rynek-pierwotny\/#breadcrumb\"},\"inLanguage\":\"pl-PL\",\"potentialAction\":[{\"@type\":\"ReadAction\",\"target\":[\"https:\/\/centralpark.pl\/wroclaw\/wroclaw-mieszkania-na-sprzedaz-rynek-pierwotny\/\"]}]},{\"@type\":\"BreadcrumbList\",\"@id\":\"https:\/\/centralpark.pl\/wroclaw\/wroclaw-mieszkania-na-sprzedaz-rynek-pierwotny\/#breadcrumb\",\"itemListElement\":[{\"@type\":\"ListItem\",\"position\":1,\"name\":\"Strona g\u0142\u00f3wna\",\"item\":\"https:\/\/centralpark.pl\/wroclaw\/\"},{\"@type\":\"ListItem\",\"position\":2,\"name\":\"Wroc\u0142aw &#8211; mieszkania na sprzeda\u017c rynek pierwotny\"}]},{\"@type\":\"WebSite\",\"@id\":\"https:\/\/centralpark.pl\/wroclaw\/#website\",\"url\":\"https:\/\/centralpark.pl\/wroclaw\/\",\"name\":\"Central Park Wroc\u0142aw\",\"description\":\"Wroc\u0142aw\",\"potentialAction\":[{\"@type\":\"SearchAction\",\"target\":{\"@type\":\"EntryPoint\",\"urlTemplate\":\"https:\/\/centralpark.pl\/wroclaw\/?s={search_term_string}\"},\"query-input\":\"required name=search_term_string\"}],\"inLanguage\":\"pl-PL\"}]}<\/script>\n<!-- \/ Yoast SEO plugin. -->","yoast_head_json":{"title":"Mieszkania i nieruchomo\u015bci na sprzeda\u017c rynek pierwotny \u015br\u00f3dmie\u015bcie - Central Park Wroc\u0142aw","robots":{"index":"index","follow":"follow","max-snippet":"max-snippet:-1","max-image-preview":"max-image-preview:large","max-video-preview":"max-video-preview:-1"},"canonical":"https:\/\/centralpark.pl\/wroclaw\/wroclaw-mieszkania-na-sprzedaz-rynek-pierwotny\/","og_locale":"pl_PL","og_type":"article","og_title":"Mieszkania i nieruchomo\u015bci na sprzeda\u017c rynek pierwotny \u015br\u00f3dmie\u015bcie - Central Park Wroc\u0142aw","og_description":"Apartamenty Central Park Wroc\u0142aw to inwestycja obejmuj\u0105ca pi\u0119\u0107 9-kondygnacyjnych budynk\u00f3w, w kt\u00f3rych umiejscowione s\u0105 luksusowe lokale mieszkalne. Kompleks znajduje si\u0119 we Wroc\u0142awiu w dzielnicy \u015ar\u00f3dmie\u015bcie. Mieszkania na sprzeda\u017c pochodz\u0105 bezpo\u015brednio od dewelopera. Wszystkie wyposa\u017cone s\u0105 w nowoczesne rozwi\u0105zania i maj\u0105 dost\u0119p do balkonu, tarasu lub ogr\u00f3dka. Poza tym mieszka\u0144cy maj\u0105 dost\u0119p do si\u0142owni, strefy relaksu, [&hellip;]","og_url":"https:\/\/centralpark.pl\/wroclaw\/wroclaw-mieszkania-na-sprzedaz-rynek-pierwotny\/","og_site_name":"Central Park Wroc\u0142aw","article_modified_time":"2023-02-10T11:30:40+00:00","twitter_card":"summary_large_image","twitter_misc":{"Szacowany czas czytania":"2 minuty"},"schema":{"@context":"https:\/\/schema.org","@graph":[{"@type":"WebPage","@id":"https:\/\/centralpark.pl\/wroclaw\/wroclaw-mieszkania-na-sprzedaz-rynek-pierwotny\/","url":"https:\/\/centralpark.pl\/wroclaw\/wroclaw-mieszkania-na-sprzedaz-rynek-pierwotny\/","name":"Mieszkania i nieruchomo\u015bci na sprzeda\u017c rynek pierwotny \u015br\u00f3dmie\u015bcie - Central Park Wroc\u0142aw","isPartOf":{"@id":"https:\/\/centralpark.pl\/wroclaw\/#website"},"datePublished":"2023-02-10T11:30:37+00:00","dateModified":"2023-02-10T11:30:40+00:00","breadcrumb":{"@id":"https:\/\/centralpark.pl\/wroclaw\/wroclaw-mieszkania-na-sprzedaz-rynek-pierwotny\/#breadcrumb"},"inLanguage":"pl-PL","potentialAction":[{"@type":"ReadAction","target":["https:\/\/centralpark.pl\/wroclaw\/wroclaw-mieszkania-na-sprzedaz-rynek-pierwotny\/"]}]},{"@type":"BreadcrumbList","@id":"https:\/\/centralpark.pl\/wroclaw\/wroclaw-mieszkania-na-sprzedaz-rynek-pierwotny\/#breadcrumb","itemListElement":[{"@type":"ListItem","position":1,"name":"Strona g\u0142\u00f3wna","item":"https:\/\/centralpark.pl\/wroclaw\/"},{"@type":"ListItem","position":2,"name":"Wroc\u0142aw &#8211; mieszkania na sprzeda\u017c rynek pierwotny"}]},{"@type":"WebSite","@id":"https:\/\/centralpark.pl\/wroclaw\/#website","url":"https:\/\/centralpark.pl\/wroclaw\/","name":"Central Park Wroc\u0142aw","description":"Wroc\u0142aw","potentialAction":[{"@type":"SearchAction","target":{"@type":"EntryPoint","urlTemplate":"https:\/\/centralpark.pl\/wroclaw\/?s={search_term_string}"},"query-input":"required name=search_term_string"}],"inLanguage":"pl-PL"}]}},"_links":{"self":[{"href":"https:\/\/centralpark.pl\/wroclaw\/wp-json\/wp\/v2\/pages\/2862","targetHints":{"allow":["GET"]}}],"collection":[{"href":"https:\/\/centralpark.pl\/wroclaw\/wp-json\/wp\/v2\/pages"}],"about":[{"href":"https:\/\/centralpark.pl\/wroclaw\/wp-json\/wp\/v2\/types\/page"}],"author":[{"embeddable":true,"href":"https:\/\/centralpark.pl\/wroclaw\/wp-json\/wp\/v2\/users\/6"}],"replies":[{"embeddable":true,"href":"https:\/\/centralpark.pl\/wroclaw\/wp-json\/wp\/v2\/comments?post=2862"}],"version-history":[{"count":0,"href":"https:\/\/centralpark.pl\/wroclaw\/wp-json\/wp\/v2\/pages\/2862\/revisions"}],"wp:attachment":[{"href":"https:\/\/centralpark.pl\/wroclaw\/wp-json\/wp\/v2\/media?parent=2862"}],"curies":[{"name":"wp","href":"https:\/\/api.w.org\/{rel}","templated":true}]}}