{"id":2856,"date":"2023-02-10T11:24:38","date_gmt":"2023-02-10T11:24:38","guid":{"rendered":"https:\/wroclaw\/wroclaw.centralpark.pl\/?page_id=2856"},"modified":"2023-03-15T08:14:36","modified_gmt":"2023-03-15T08:14:36","slug":"wroclaw-luksusowe-apartamenty-na-sprzedaz","status":"publish","type":"page","link":"https:\/\/centralpark.pl\/wroclaw\/wroclaw-luksusowe-apartamenty-na-sprzedaz\/","title":{"rendered":"Wroc\u0142aw &#8211; luksusowe apartamenty na sprzeda\u017c"},"content":{"rendered":"\n<p>Poszukujesz luksusowego mieszkania w centrum miasta, kt\u00f3ry spe\u0142nia\u0142by wszystkie Twoje oczekiwania? Interesuj\u0105 Ci\u0119 przestronne i nowoczesne wn\u0119trza? W zlokalizowanym we Wroc\u0142awiu kompleksie Central Park posiadamy luksusowe apartamenty na sprzeda\u017c. Wyr\u00f3\u017cnia je nie tylko korzystne po\u0142o\u017cenie na K\u0119pie Mieszcza\u0144skiej, ale r\u00f3wnie\u017c dost\u0119p do punkt\u00f3w us\u0142ugowych bezpo\u015brednio na terenie inwestycji. Nie zabraknie Ci tu miejskich rozrywek, jak i przestrzeni na spokojny odpoczynek.<\/p>\n\n\n\n<h2 class=\"wp-block-heading\">Wroc\u0142aw \u2013 luksusowe apartamenty na sprzeda\u017c<\/h2>\n\n\n\n<p>Mimo i\u017c nasze zlokalizowane we Wroc\u0142awiu luksusowe apartamenty na sprzeda\u017c znajduj\u0105 si\u0119 zaledwie 10 minut spacerem od Rynku, wcale nie musisz udawa\u0107 si\u0119 do centrum, aby m\u00f3c skorzysta\u0107 z wielu rodzaj\u00f3w us\u0142ug. Na terenie naszej inwestycji dost\u0119pne s\u0105 bowiem obiekty takie jak si\u0142ownia, sauny, \u0142a\u017ania parowa, stacja napraw dla rower\u00f3w. Ka\u017cdy z mieszka\u0144c\u00f3w ma ponadto taras, balkon b\u0105d\u017a ogr\u00f3dek.<\/p>\n\n\n\n<p>W centrum Wroc\u0142awia mo\u017cna znale\u017a\u0107 liczne mieszkania na sprzeda\u017c. Apartamenty Central Park Wroc\u0142aw to jednak o wiele wi\u0119cej ni\u017c zwyk\u0142e lokale mieszkalne. Ca\u0142a inwestycja obejmuje pi\u0119\u0107 9-kondygnacyjnych budynk\u00f3w. W ka\u017cdym z nich dost\u0119pnych jest wiele przestronnych apartament\u00f3w w awangardowym stylu i wyposa\u017conych w nowoczesne rozwi\u0105zania, takie jak m.in. klimatyzacja, smart home, grzejniki kana\u0142owe czy rolety automatyczne.<\/p>\n\n\n\n<h2 class=\"wp-block-heading\">Luksusowe apartamenty \u2013 Wroc\u0142aw. Sprzeda\u017c mieszka\u0144 w wymarzonej okolicy<\/h2>\n\n\n\n<p>Nasze luksusowe apartamenty na sprzeda\u017c we Wroc\u0142awiu zachwycaj\u0105 swoim designem i funkcjonalno\u015bci\u0105. Przestronno\u015b\u0107 wn\u0119trza zosta\u0142a osi\u0105gni\u0119ta poprzez zastosowanie wysokich strop\u00f3w oraz panoramicznych okien. Mieszka\u0144cy mog\u0105 podziwia\u0107 z balkon\u00f3w i taras\u00f3w panoram\u0119 zabytkowego Wroc\u0142awia. Zielone dachy i Park Mieszcza\u0144ski zapewniaj\u0105 z kolei kontakt z natur\u0105, pomimo po\u0142o\u017cenia w samym centrum miasta. Je\u015bli marz\u0105 Ci si\u0119 luksusowe apartamenty we Wroc\u0142awiu, skontaktuj si\u0119 z nami. Oferujemy sprzeda\u017c wysokiej klasy mieszka\u0144 z dost\u0119pem do udogodnie\u0144 na terenie inwestycji.<\/p>\n","protected":false},"excerpt":{"rendered":"<p>Poszukujesz luksusowego mieszkania w centrum miasta, kt\u00f3ry spe\u0142nia\u0142by wszystkie Twoje oczekiwania? Interesuj\u0105 Ci\u0119 przestronne i nowoczesne wn\u0119trza? W zlokalizowanym we Wroc\u0142awiu kompleksie Central Park posiadamy luksusowe apartamenty na sprzeda\u017c. Wyr\u00f3\u017cnia je nie tylko korzystne po\u0142o\u017cenie na K\u0119pie Mieszcza\u0144skiej, ale r\u00f3wnie\u017c dost\u0119p do punkt\u00f3w us\u0142ugowych bezpo\u015brednio na terenie inwestycji. Nie zabraknie Ci tu miejskich rozrywek, jak [&hellip;]<\/p>\n","protected":false},"author":6,"featured_media":0,"parent":0,"menu_order":0,"comment_status":"closed","ping_status":"closed","template":"","meta":{"_acf_changed":false,"inline_featured_image":false,"footnotes":""},"class_list":["post-2856","page","type-page","status-publish","hentry"],"acf":[],"yoast_head":"<!-- This site is optimized with the Yoast SEO plugin v19.11 - https:\/\/yoast.com\/wordpress\/plugins\/seo\/ -->\n<title>Mieszkania na sprzeda\u017c, luksusowe apartamenty centrum - Central Park Wroc\u0142aw<\/title>\n<meta name=\"robots\" content=\"index, follow, max-snippet:-1, max-image-preview:large, max-video-preview:-1\" \/>\n<link rel=\"canonical\" href=\"https:\/\/centralpark.pl\/wroclaw\/wroclaw-luksusowe-apartamenty-na-sprzedaz\/\" \/>\n<meta property=\"og:locale\" content=\"pl_PL\" \/>\n<meta property=\"og:type\" content=\"article\" \/>\n<meta property=\"og:title\" content=\"Mieszkania na sprzeda\u017c, luksusowe apartamenty centrum - Central Park Wroc\u0142aw\" \/>\n<meta property=\"og:description\" content=\"Poszukujesz luksusowego mieszkania w centrum miasta, kt\u00f3ry spe\u0142nia\u0142by wszystkie Twoje oczekiwania? Interesuj\u0105 Ci\u0119 przestronne i nowoczesne wn\u0119trza? W zlokalizowanym we Wroc\u0142awiu kompleksie Central Park posiadamy luksusowe apartamenty na sprzeda\u017c. Wyr\u00f3\u017cnia je nie tylko korzystne po\u0142o\u017cenie na K\u0119pie Mieszcza\u0144skiej, ale r\u00f3wnie\u017c dost\u0119p do punkt\u00f3w us\u0142ugowych bezpo\u015brednio na terenie inwestycji. Nie zabraknie Ci tu miejskich rozrywek, jak [&hellip;]\" \/>\n<meta property=\"og:url\" content=\"https:\/\/centralpark.pl\/wroclaw\/wroclaw-luksusowe-apartamenty-na-sprzedaz\/\" \/>\n<meta property=\"og:site_name\" content=\"Central Park Wroc\u0142aw\" \/>\n<meta property=\"article:modified_time\" content=\"2023-03-15T08:14:36+00:00\" \/>\n<meta name=\"twitter:card\" content=\"summary_large_image\" \/>\n<meta name=\"twitter:label1\" content=\"Szacowany czas czytania\" \/>\n\t<meta name=\"twitter:data1\" content=\"2 minuty\" \/>\n<script type=\"application\/ld+json\" class=\"yoast-schema-graph\">{\"@context\":\"https:\/\/schema.org\",\"@graph\":[{\"@type\":\"WebPage\",\"@id\":\"https:\/\/centralpark.pl\/wroclaw\/wroclaw-luksusowe-apartamenty-na-sprzedaz\/\",\"url\":\"https:\/\/centralpark.pl\/wroclaw\/wroclaw-luksusowe-apartamenty-na-sprzedaz\/\",\"name\":\"Mieszkania na sprzeda\u017c, luksusowe apartamenty centrum - Central Park Wroc\u0142aw\",\"isPartOf\":{\"@id\":\"https:\/\/centralpark.pl\/wroclaw\/#website\"},\"datePublished\":\"2023-02-10T11:24:38+00:00\",\"dateModified\":\"2023-03-15T08:14:36+00:00\",\"breadcrumb\":{\"@id\":\"https:\/\/centralpark.pl\/wroclaw\/wroclaw-luksusowe-apartamenty-na-sprzedaz\/#breadcrumb\"},\"inLanguage\":\"pl-PL\",\"potentialAction\":[{\"@type\":\"ReadAction\",\"target\":[\"https:\/\/centralpark.pl\/wroclaw\/wroclaw-luksusowe-apartamenty-na-sprzedaz\/\"]}]},{\"@type\":\"BreadcrumbList\",\"@id\":\"https:\/\/centralpark.pl\/wroclaw\/wroclaw-luksusowe-apartamenty-na-sprzedaz\/#breadcrumb\",\"itemListElement\":[{\"@type\":\"ListItem\",\"position\":1,\"name\":\"Strona g\u0142\u00f3wna\",\"item\":\"https:\/\/centralpark.pl\/wroclaw\/\"},{\"@type\":\"ListItem\",\"position\":2,\"name\":\"Wroc\u0142aw &#8211; luksusowe apartamenty na sprzeda\u017c\"}]},{\"@type\":\"WebSite\",\"@id\":\"https:\/\/centralpark.pl\/wroclaw\/#website\",\"url\":\"https:\/\/centralpark.pl\/wroclaw\/\",\"name\":\"Central Park Wroc\u0142aw\",\"description\":\"Wroc\u0142aw\",\"potentialAction\":[{\"@type\":\"SearchAction\",\"target\":{\"@type\":\"EntryPoint\",\"urlTemplate\":\"https:\/\/centralpark.pl\/wroclaw\/?s={search_term_string}\"},\"query-input\":\"required name=search_term_string\"}],\"inLanguage\":\"pl-PL\"}]}<\/script>\n<!-- \/ Yoast SEO plugin. -->","yoast_head_json":{"title":"Mieszkania na sprzeda\u017c, luksusowe apartamenty centrum - Central Park Wroc\u0142aw","robots":{"index":"index","follow":"follow","max-snippet":"max-snippet:-1","max-image-preview":"max-image-preview:large","max-video-preview":"max-video-preview:-1"},"canonical":"https:\/\/centralpark.pl\/wroclaw\/wroclaw-luksusowe-apartamenty-na-sprzedaz\/","og_locale":"pl_PL","og_type":"article","og_title":"Mieszkania na sprzeda\u017c, luksusowe apartamenty centrum - Central Park Wroc\u0142aw","og_description":"Poszukujesz luksusowego mieszkania w centrum miasta, kt\u00f3ry spe\u0142nia\u0142by wszystkie Twoje oczekiwania? Interesuj\u0105 Ci\u0119 przestronne i nowoczesne wn\u0119trza? W zlokalizowanym we Wroc\u0142awiu kompleksie Central Park posiadamy luksusowe apartamenty na sprzeda\u017c. Wyr\u00f3\u017cnia je nie tylko korzystne po\u0142o\u017cenie na K\u0119pie Mieszcza\u0144skiej, ale r\u00f3wnie\u017c dost\u0119p do punkt\u00f3w us\u0142ugowych bezpo\u015brednio na terenie inwestycji. Nie zabraknie Ci tu miejskich rozrywek, jak [&hellip;]","og_url":"https:\/\/centralpark.pl\/wroclaw\/wroclaw-luksusowe-apartamenty-na-sprzedaz\/","og_site_name":"Central Park Wroc\u0142aw","article_modified_time":"2023-03-15T08:14:36+00:00","twitter_card":"summary_large_image","twitter_misc":{"Szacowany czas czytania":"2 minuty"},"schema":{"@context":"https:\/\/schema.org","@graph":[{"@type":"WebPage","@id":"https:\/\/centralpark.pl\/wroclaw\/wroclaw-luksusowe-apartamenty-na-sprzedaz\/","url":"https:\/\/centralpark.pl\/wroclaw\/wroclaw-luksusowe-apartamenty-na-sprzedaz\/","name":"Mieszkania na sprzeda\u017c, luksusowe apartamenty centrum - Central Park Wroc\u0142aw","isPartOf":{"@id":"https:\/\/centralpark.pl\/wroclaw\/#website"},"datePublished":"2023-02-10T11:24:38+00:00","dateModified":"2023-03-15T08:14:36+00:00","breadcrumb":{"@id":"https:\/\/centralpark.pl\/wroclaw\/wroclaw-luksusowe-apartamenty-na-sprzedaz\/#breadcrumb"},"inLanguage":"pl-PL","potentialAction":[{"@type":"ReadAction","target":["https:\/\/centralpark.pl\/wroclaw\/wroclaw-luksusowe-apartamenty-na-sprzedaz\/"]}]},{"@type":"BreadcrumbList","@id":"https:\/\/centralpark.pl\/wroclaw\/wroclaw-luksusowe-apartamenty-na-sprzedaz\/#breadcrumb","itemListElement":[{"@type":"ListItem","position":1,"name":"Strona g\u0142\u00f3wna","item":"https:\/\/centralpark.pl\/wroclaw\/"},{"@type":"ListItem","position":2,"name":"Wroc\u0142aw &#8211; luksusowe apartamenty na sprzeda\u017c"}]},{"@type":"WebSite","@id":"https:\/\/centralpark.pl\/wroclaw\/#website","url":"https:\/\/centralpark.pl\/wroclaw\/","name":"Central Park Wroc\u0142aw","description":"Wroc\u0142aw","potentialAction":[{"@type":"SearchAction","target":{"@type":"EntryPoint","urlTemplate":"https:\/\/centralpark.pl\/wroclaw\/?s={search_term_string}"},"query-input":"required name=search_term_string"}],"inLanguage":"pl-PL"}]}},"_links":{"self":[{"href":"https:\/\/centralpark.pl\/wroclaw\/wp-json\/wp\/v2\/pages\/2856","targetHints":{"allow":["GET"]}}],"collection":[{"href":"https:\/\/centralpark.pl\/wroclaw\/wp-json\/wp\/v2\/pages"}],"about":[{"href":"https:\/\/centralpark.pl\/wroclaw\/wp-json\/wp\/v2\/types\/page"}],"author":[{"embeddable":true,"href":"https:\/\/centralpark.pl\/wroclaw\/wp-json\/wp\/v2\/users\/6"}],"replies":[{"embeddable":true,"href":"https:\/\/centralpark.pl\/wroclaw\/wp-json\/wp\/v2\/comments?post=2856"}],"version-history":[{"count":0,"href":"https:\/\/centralpark.pl\/wroclaw\/wp-json\/wp\/v2\/pages\/2856\/revisions"}],"wp:attachment":[{"href":"https:\/\/centralpark.pl\/wroclaw\/wp-json\/wp\/v2\/media?parent=2856"}],"curies":[{"name":"wp","href":"https:\/\/api.w.org\/{rel}","templated":true}]}}