{"id":3,"date":"2025-05-28T08:44:12","date_gmt":"2025-05-28T08:44:12","guid":{"rendered":"https:\/\/centralpark.pl\/swidnica\/?page_id=3"},"modified":"2025-08-12T14:09:31","modified_gmt":"2025-08-12T14:09:31","slug":"polityka-prywatnosci","status":"publish","type":"page","link":"https:\/\/centralpark.pl\/swidnica\/polityka-prywatnosci\/","title":{"rendered":"Polityka prywatno\u015bci"},"content":{"rendered":"\t\t<section id=\"\" class=\"page-header\" style=\"background-image: url('https:\/\/centralpark.pl\/swidnica\/wp-content\/uploads\/2025\/08\/Rectangle-4523-scaled.png')\">\n\t\t\t<div class=\"content\">\n\t\t\t\t\t\t\t\t\t<h1>Polityka prywatno\u015bci<\/h1>\n\t\t\t\t\t\t\t<\/div>\n\t\t\t\n\t\t<\/section>\n\t\t<div class=\"container\">\n\t\t\t<div id=\"crumbs\"><a href=\"https:\/\/centralpark.pl\/swidnica\">Strona g\u0142\u00f3wna<\/a> <svg width=\"7\" height=\"10\" viewBox=\"0 0 7 10\" fill=\"none\" xmlns=\"http:\/\/www.w3.org\/2000\/svg\">\n<path d=\"M1 1L5 5L1 9\" stroke=\"#686868\" stroke-width=\"2\"\/>\n<\/svg>\n <span class=\"current\">Strona<\/span><\/div>\t\t<\/div>\n\t\t\n\n\t\t<section id=\"\" class=\"long-text\">\n\t\t\t<div class=\"container\">\n\t\t\t\t<div class=\"long-text__wrapper\">\n\t\t\t\t\t<p><!-- wp:heading {\"level\":3} --><\/p>\n<h3 class=\"wp-block-heading\"><strong>1. Informacje og\u00f3lne<\/strong><\/h3>\n<p><!-- wp:list {\"ordered\":true} --><\/p>\n<ol class=\"wp-block-list\">\n<li style=\"list-style-type: none\">\n<ol class=\"wp-block-list\"><!-- wp:list-item --><\/p>\n<li>Niniejsza polityka dotyczy Serwisu www, funkcjonuj\u0105cego pod adresem url:\u00a0<strong>centralparkswidnica.pl<\/strong><\/li>\n<li>Operatorem serwisu oraz Administratorem danych osobowych jest: Gradi Invest Sp. z o. o. ul. Paprotna 3A, 51-114 Wroc\u0142aw.<\/li>\n<li>Adres kontaktowy poczty elektronicznej operatora: biuro@gradiinvest.pl.<\/li>\n<li>Operator jest Administratorem Twoich danych osobowych w odniesieniu do danych podanych dobrowolnie w Serwisie.<\/li>\n<li>Serwis wykorzystuje dane osobowe w nast\u0119puj\u0105cych celach:<br \/>\n&#8211; Prowadzenie newslettera<br \/>\n&#8211; Obs\u0142uga zapyta\u0144 przez formularz<br \/>\n&#8211; Prezentacja oferty lub informacji<\/li>\n<li>Serwis realizuje funkcje pozyskiwania informacji o u\u017cytkownikach i ich zachowaniu w nast\u0119puj\u0105cy spos\u00f3b:<br \/>\n&#8211; Poprzez dobrowolnie wprowadzone w formularzach dane, kt\u00f3re zostaj\u0105 wprowadzone do system\u00f3w Operatora.<br \/>\n&#8211; Poprzez zapisywanie w urz\u0105dzeniach ko\u0144cowych plik\u00f3w cookie (tzw. \u201eciasteczka\u201d).<\/li>\n<\/ol>\n<\/li>\n<\/ol>\n<ol>\n<li style=\"list-style-type: none\"><\/li>\n<\/ol>\n<ol class=\"wp-block-list\">\n<li style=\"list-style-type: none\"><\/li>\n<\/ol>\n<p><!-- \/wp:list-item --><\/p>\n<p><!-- \/wp:list --><!-- wp:heading {\"level\":3} --><\/p>\n<h3 class=\"wp-block-heading\"><strong>2. Wybrane metody ochrony danych stosowane przez Operatora<\/strong><\/h3>\n<p><!-- \/wp:heading --><!-- wp:list {\"ordered\":true} --><\/p>\n<ol class=\"wp-block-list\">\n<li style=\"list-style-type: none\">\n<ol class=\"wp-block-list\"><!-- wp:list-item --><\/p>\n<li>Miejsca logowania i wprowadzania danych osobowych s\u0105 chronione w warstwie transmisji (certyfikat SSL). Dzi\u0119ki temu dane osobowe i dane logowania, wprowadzone na stronie, zostaj\u0105 zaszyfrowane w komputerze u\u017cytkownika i mog\u0105 by\u0107 odczytane jedynie na docelowym serwerze.<\/li>\n<li>Dane osobowe przechowywane w bazie danych s\u0105 zaszyfrowane w taki spos\u00f3b, \u017ce jedynie Operator posiadaj\u0105cy klucz mo\u017ce je odczyta\u0107. Dzi\u0119ki temu dane s\u0105 chronione na wypadek wykradzenia bazy danych z serwera.<\/li>\n<li>Has\u0142a u\u017cytkownik\u00f3w s\u0105 przechowywane w postaci hashowanej. Funkcja hashuj\u0105ca dzia\u0142a jednokierunkowo \u2013 nie jest mo\u017cliwe odwr\u00f3cenie jej dzia\u0142ania, co stanowi obecnie wsp\u00f3\u0142czesny standard w zakresie przechowywania hase\u0142 u\u017cytkownik\u00f3w.<\/li>\n<li>Istotnym elementem ochrony danych jest regularna aktualizacja wszelkiego oprogramowania, wykorzystywanego przez Operatora do przetwarzania danych osobowych, co w szczeg\u00f3lno\u015bci oznacza regularne aktualizacje komponent\u00f3w programistycznych.<\/li>\n<\/ol>\n<\/li>\n<\/ol>\n<p><!-- \/wp:list-item --><\/p>\n<p><!-- \/wp:list --><!-- wp:heading {\"level\":3} --><\/p>\n<h3 class=\"wp-block-heading\"><strong>3. Hosting<\/strong><\/h3>\n<p><!-- \/wp:heading --><!-- wp:paragraph -->Serwis jest hostowany (technicznie utrzymywany) na serwerze operatora: home.pl<\/p>\n<p><!-- \/wp:paragraph --><!-- wp:heading {\"level\":3} --><\/p>\n<h3 class=\"wp-block-heading\"><strong>4. Twoje prawa i dodatkowe informacje o sposobie wykorzystania danych<\/strong><\/h3>\n<p><!-- \/wp:heading --><!-- wp:list {\"ordered\":true} --><\/p>\n<ol class=\"wp-block-list\"><!-- wp:list-item --><\/p>\n<li>W niekt\u00f3rych sytuacjach Administrator ma prawo przekazywa\u0107 Twoje dane osobowe innym odbiorcom, je\u015bli b\u0119dzie to niezb\u0119dne do wykonania zawartej z Tob\u0105 umowy lub do zrealizowania obowi\u0105zk\u00f3w ci\u0105\u017c\u0105cych na Administratorze. Dotyczy to takich grup odbiorc\u00f3w:<br \/>\n&#8211; upowa\u017cnieni pracownicy i wsp\u00f3\u0142pracownicy, kt\u00f3rzy korzystaj\u0105 z danych w celu realizacji celu dzia\u0142ania strony<br \/>\n&#8211; firmy, \u015bwiadcz\u0105ce us\u0142ugi marketingu na rzecz Administratora<\/li>\n<li>Twoje dane osobowe przetwarzane przez Administratora nie d\u0142u\u017cej, ni\u017c jest to konieczne do wykonania zwi\u0105zanych z nimi czynno\u015bci okre\u015blonych osobnymi przepisami (np. o prowadzeniu rachunkowo\u015bci). W odniesieniu do danych marketingowych dane nie b\u0119d\u0105 przetwarzane d\u0142u\u017cej ni\u017c przez 3 lata.<\/li>\n<li>Przys\u0142uguje Ci prawo \u017c\u0105dania od Administratora:<br \/>\n&#8211; dost\u0119pu do danych osobowych Ciebie dotycz\u0105cych,<br \/>\n&#8211; ich sprostowania,<br \/>\n&#8211; usuni\u0119cia,<br \/>\n&#8211; ograniczenia przetwarzania,<br \/>\n&#8211; oraz przenoszenia danych.<\/li>\n<li>Przys\u0142uguje Ci prawo do z\u0142o\u017cenia sprzeciwu w zakresie przetwarzania wskazanego w pkt 3.3 c) wobec przetwarzania danych osobowych w celu wykonania prawnie uzasadnionych interes\u00f3w realizowanych przez Administratora, w tym profilowania, przy czym prawo sprzeciwu nie b\u0119dzie mog\u0142o by\u0107 wykonane w przypadku istnienia wa\u017cnych prawnie uzasadnionych podstaw do przetwarzania, nadrz\u0119dnych wobec Ciebie interes\u00f3w, praw i wolno\u015bci, w szczeg\u00f3lno\u015bci ustalenia, dochodzenia lub obrony roszcze\u0144.<br \/>\n&#8211; Na dzia\u0142ania Administratora przys\u0142uguje skarga do Prezesa Urz\u0119du Ochrony Danych Osobowych, ul. Stawki 2, 00-193 Warszawa<br \/>\n&#8211; Podanie danych osobowych jest dobrowolne, lecz niezb\u0119dne do obs\u0142ugi Serwisu.<br \/>\n&#8211; W stosunku do Ciebie mog\u0105 by\u0107 podejmowane czynno\u015bci polegaj\u0105ce na zautomatyzowanym podejmowaniu decyzji, w tym profilowaniu w celu \u015bwiadczenia us\u0142ug w ramach zawartej umowy oraz w celu prowadzenia przez Administratora marketingu bezpo\u015bredniego.<br \/>\n&#8211; Dane osobowe nie s\u0105 przekazywane od kraj\u00f3w trzecich w rozumieniu przepis\u00f3w o ochronie danych osobowych. Oznacza to, \u017ce nie przesy\u0142amy ich poza teren Unii Europejskiej.<\/p>\n<ul class=\"wp-block-list\"><!-- \/wp:list-item --> <!-- wp:list-item --><\/ul>\n<\/li>\n<\/ol>\n<p><!-- \/wp:list-item --><\/p>\n<p><!-- \/wp:list --><\/p>\n<p><!-- \/wp:heading --><!-- wp:heading {\"level\":3} --><\/p>\n<h3 class=\"wp-block-heading\"><strong>5. Informacje w formularzach<\/strong><\/h3>\n<p><!-- \/wp:heading --><!-- wp:list {\"ordered\":true} --><\/p>\n<ol class=\"wp-block-list\">\n<li style=\"list-style-type: none\">\n<ol class=\"wp-block-list\"><!-- wp:list-item --><\/p>\n<li>Serwis zbiera informacje podane dobrowolnie przez u\u017cytkownika, w tym dane osobowe, o ile zostan\u0105 one podane.<\/li>\n<li>Serwis mo\u017ce zapisa\u0107 informacje o parametrach po\u0142\u0105czenia (oznaczenie czasu, adres IP).<\/li>\n<li>Serwis, w niekt\u00f3rych wypadkach, mo\u017ce zapisa\u0107 informacj\u0119 u\u0142atwiaj\u0105c\u0105 powi\u0105zanie danych w formularzu z adresem e-mail u\u017cytkownika wype\u0142niaj\u0105cego formularz. W takim wypadku adres e-mail u\u017cytkownika pojawia si\u0119 wewn\u0105trz adresu url strony zawieraj\u0105cej formularz.<\/li>\n<li>Dane podane w formularzu s\u0105 przetwarzane w celu wynikaj\u0105cym z funkcji konkretnego formularza, np. w celu dokonania procesu obs\u0142ugi zg\u0142oszenia serwisowego lub kontaktu handlowego, rejestracji us\u0142ug itp. Ka\u017cdorazowo kontekst i opis formularza w czytelny spos\u00f3b informuje, do czego on s\u0142u\u017cy.<\/li>\n<\/ol>\n<\/li>\n<\/ol>\n<p><!-- \/wp:list-item --><\/p>\n<p><!-- \/wp:list --><!-- wp:heading {\"level\":3} --><\/p>\n<h3 class=\"wp-block-heading\"><strong>6. Logi Administratora<\/strong><\/h3>\n<p><!-- \/wp:heading --><!-- wp:list {\"ordered\":true} --><\/p>\n<ol class=\"wp-block-list\">\n<li style=\"list-style-type: none\">\n<ol class=\"wp-block-list\"><!-- wp:list-item --><\/p>\n<li>Informacje o zachowaniu u\u017cytkownik\u00f3w w serwisie mog\u0105 podlega\u0107 logowaniu. Dane te s\u0105 wykorzystywane w celach statystycznych oraz administracyjnych.<\/li>\n<\/ol>\n<\/li>\n<\/ol>\n<p><!-- \/wp:list-item --><\/p>\n<p><!-- \/wp:list --><!-- wp:heading {\"level\":3} --><\/p>\n<h3 class=\"wp-block-heading\"><strong>7. Istotne techniki marketingowe<\/strong><\/h3>\n<p><!-- \/wp:heading --><!-- wp:list {\"ordered\":true} --><\/p>\n<ol class=\"wp-block-list\">\n<li style=\"list-style-type: none\">\n<ol class=\"wp-block-list\"><!-- wp:list-item --><\/p>\n<li>Operator stosuje analiz\u0119 statystyczn\u0105 ruchu na stronie, poprzez Google Analytics (Google Inc. z siedzib\u0105 w USA). Operator nie przekazuje do operatora tej us\u0142ugi danych osobowych, a jedynie zanonimizowane informacje. Us\u0142uga bazuje na wykorzystaniu ciasteczek w urz\u0105dzeniu ko\u0144cowym u\u017cytkownika. W zakresie informacji o preferencjach u\u017cytkownika gromadzonych przez sie\u0107 reklamow\u0105 Google u\u017cytkownik mo\u017ce przegl\u0105da\u0107 i edytowa\u0107 informacje wynikaj\u0105ce z plik\u00f3w cookies przy pomocy narz\u0119dzia: https:\/\/www.google.com\/ads\/preferences\/.<\/li>\n<li>Operator stosuje techniki remarketingowe, pozwalaj\u0105ce na dopasowanie przekaz\u00f3w reklamowych do zachowania u\u017cytkownika na stronie, co mo\u017ce dawa\u0107 z\u0142udzenie, \u017ce dane osobowe u\u017cytkownika s\u0105 wykorzystywane do jego \u015bledzenia, jednak w praktyce nie dochodzi do przekazania \u017cadnych danych osobowych od Operatora do operator\u00f3w reklam. Technologicznym warunkiem takich dzia\u0142a\u0144 jest w\u0142\u0105czona obs\u0142uga plik\u00f3w cookie.<\/li>\n<li>Operator korzysta z piksela Facebooka. Ta technologia powoduje, \u017ce serwis Facebook (Facebook Inc. z siedzib\u0105 w USA) wie, \u017ce dana osoba w nim zarejestrowana korzysta z Serwisu. Bazuje w tym wypadku na danych, wobec kt\u00f3rych sam jest administratorem, Operator nie przekazuje od siebie \u017cadnych dodatkowych danych osobowych serwisowi Facebook. Us\u0142uga bazuje na wykorzystaniu ciasteczek w urz\u0105dzeniu ko\u0144cowym u\u017cytkownika.<\/li>\n<\/ol>\n<\/li>\n<\/ol>\n<p><!-- \/wp:list-item --><\/p>\n<p><!-- \/wp:list --><!-- wp:heading {\"level\":3} --><\/p>\n<h3 class=\"wp-block-heading\"><strong>8. Informacja o plikach cookies<\/strong><\/h3>\n<p><!-- \/wp:heading --><!-- wp:list {\"ordered\":true} --><\/p>\n<ol class=\"wp-block-list\">\n<li style=\"list-style-type: none\">\n<ol class=\"wp-block-list\"><!-- wp:list-item --><\/p>\n<li>Serwis korzysta z plik\u00f3w cookies.<\/li>\n<li>Pliki cookies (tzw. \u201eciasteczka\u201d) stanowi\u0105 dane informatyczne, w szczeg\u00f3lno\u015bci pliki tekstowe, kt\u00f3re przechowywane s\u0105 w urz\u0105dzeniu ko\u0144cowym U\u017cytkownika Serwisu i przeznaczone s\u0105 do korzystania ze stron internetowych Serwisu. Cookies zazwyczaj zawieraj\u0105 nazw\u0119 strony internetowej, z kt\u00f3rej pochodz\u0105, czas przechowywania ich na urz\u0105dzeniu ko\u0144cowym oraz unikalny numer.<\/li>\n<li>Podmiotem zamieszczaj\u0105cym na urz\u0105dzeniu ko\u0144cowym U\u017cytkownika Serwisu pliki cookies oraz uzyskuj\u0105cym do nich dost\u0119p jest operator Serwisu.<\/li>\n<li>Pliki cookies wykorzystywane s\u0105 w nast\u0119puj\u0105cych celach:<br \/>\n&#8211; utrzymanie sesji u\u017cytkownika Serwisu (po zalogowaniu), dzi\u0119ki kt\u00f3rej u\u017cytkownik nie musi na ka\u017cdej podstronie Serwisu ponownie wpisywa\u0107 loginu i has\u0142a;<br \/>\n&#8211; realizacji cel\u00f3w okre\u015blonych powy\u017cej w cz\u0119\u015bci \u201eIstotne techniki marketingowe\u201d;<\/li>\n<li>W ramach Serwisu stosowane s\u0105 dwa zasadnicze rodzaje plik\u00f3w cookies: \u201esesyjne\u201d (session cookies) oraz \u201esta\u0142e\u201d (persistent cookies). Cookies \u201esesyjne\u201d s\u0105 plikami tymczasowymi, kt\u00f3re przechowywane s\u0105 w urz\u0105dzeniu ko\u0144cowym U\u017cytkownika do czasu wylogowania, opuszczenia strony internetowej lub wy\u0142\u0105czenia oprogramowania (przegl\u0105darki internetowej). \u201eSta\u0142e\u201d pliki cookies przechowywane s\u0105 w urz\u0105dzeniu ko\u0144cowym U\u017cytkownika przez czas okre\u015blony w parametrach plik\u00f3w cookies lub do czasu ich usuni\u0119cia przez U\u017cytkownika.<\/li>\n<li>Oprogramowanie do przegl\u0105dania stron internetowych (przegl\u0105darka internetowa) zazwyczaj domy\u015blnie dopuszcza przechowywanie plik\u00f3w cookies w urz\u0105dzeniu ko\u0144cowym U\u017cytkownika. U\u017cytkownicy Serwisu mog\u0105 dokona\u0107 zmiany ustawie\u0144 w tym zakresie. Przegl\u0105darka internetowa umo\u017cliwia usuni\u0119cie plik\u00f3w cookies. Mo\u017cliwe jest tak\u017ce automatyczne blokowanie plik\u00f3w cookies Szczeg\u00f3\u0142owe informacje na ten temat zawiera pomoc lub dokumentacja przegl\u0105darki internetowej.<\/li>\n<li>Ograniczenia stosowania plik\u00f3w cookies mog\u0105 wp\u0142yn\u0105\u0107 na niekt\u00f3re funkcjonalno\u015bci dost\u0119pne na stronach internetowych Serwisu.<\/li>\n<li>Pliki cookies zamieszczane w urz\u0105dzeniu ko\u0144cowym U\u017cytkownika Serwisu wykorzystywane mog\u0105 by\u0107 r\u00f3wnie\u017c przez wsp\u00f3\u0142pracuj\u0105ce z operatorem Serwisu podmioty, w szczeg\u00f3lno\u015bci dotyczy to firm: Google (Google Inc. z siedzib\u0105 w USA), Facebook (Facebook Inc. z siedzib\u0105 w USA), Twitter (Twitter Inc. z siedzib\u0105 w USA).<\/li>\n<\/ol>\n<\/li>\n<\/ol>\n<p><!-- \/wp:list-item --><\/p>\n<p><!-- \/wp:list --><!-- wp:heading {\"level\":3} --><\/p>\n<h3 class=\"wp-block-heading\"><strong>9. Zarz\u0105dzanie plikami cookies \u2013 jak w praktyce wyra\u017ca\u0107 i cofa\u0107 zgod\u0119?<\/strong><\/h3>\n<p><!-- \/wp:heading --><!-- wp:list {\"ordered\":true} --><\/p>\n<ol class=\"wp-block-list\">\n<li style=\"list-style-type: none\">\n<ol class=\"wp-block-list\"><!-- wp:list-item --><\/p>\n<li>Je\u015bli u\u017cytkownik nie chce otrzymywa\u0107 plik\u00f3w cookies, mo\u017ce zmieni\u0107 ustawienia przegl\u0105darki. Zastrzegamy, \u017ce wy\u0142\u0105czenie obs\u0142ugi plik\u00f3w cookies niezb\u0119dnych dla proces\u00f3w uwierzytelniania, bezpiecze\u0144stwa, utrzymania preferencji u\u017cytkownika, mo\u017ce utrudni\u0107, a w skrajnych przypadkach mo\u017ce uniemo\u017cliwi\u0107 korzystanie ze stron www.<\/li>\n<li>W celu zarz\u0105dzania ustawienia cookies, wybierz z listy poni\u017cej przegl\u0105dark\u0119 internetow\u0105, kt\u00f3rej u\u017cywasz i post\u0119puj zgodnie z instrukcjami:<br \/>\n<a href=\"https:\/\/support.microsoft.com\/pl-pl\/microsoft-edge\/wy%25C5%259Bwietlanie-i-usuwanie-historii-przegl%25C4%2585darki-w-programie-microsoft-edge-00cf7943-a9e1-975a-a33d-ac10ce454ca4\">Edge<\/a><br \/>\n<a href=\"https:\/\/support.microsoft.com\/pl-pl\/topic\/jak-usun%25C4%2585%25C4%2587-pliki-cookie-w-programie-internet-explorer-bca9446f-d873-78de-77ba-d42645fa52fc\">Internet Explorer<\/a><br \/>\n<a href=\"https:\/\/support.google.com\/chrome\/answer\/95647?hl=pl\">Chrome<\/a><br \/>\n<a href=\"https:\/\/support.apple.com\/pl-pl\/guide\/safari\/sfri11471\/mac\">Safari<\/a><br \/>\n<a href=\"https:\/\/support.mozilla.org\/pl\/kb\/wzmocniona-ochrona-przed-sledzeniem-firefox-desktop?redirectslug=W%25C5%2582%25C4%2585czanie+i+wy%25C5%2582%25C4%2585czanie+obs%25C5%2582ugi+ciasteczek&amp;redirectlocale=pl\">Firefox<\/a><br \/>\n<a href=\"https:\/\/help.opera.com\/pl\/latest\/web-preferences\/#cookies\">Opera<\/a><\/p>\n<p>Urz\u0105dzenia mobilne:<br \/>\n<a href=\"https:\/\/support.google.com\/chrome\/answer\/95647?hl=pl\">Android<\/a><br \/>\n<a href=\"https:\/\/support.apple.com\/pl-pl\/HT201265\">Safari (iOS)<\/a><br \/>\n<a href=\"https:\/\/support.microsoft.com\/pl-pl\/windows\/windows-phone-7-3ebc303c-59c0-d367-3995-f258b184fabb\">Windows Phone<\/a><\/li>\n<\/ol>\n<\/li>\n<\/ol>\n<p><!-- \/wp:list-item --><\/p>\n<p><!-- \/wp:list --><\/p>\n\t\t\t\t<\/div>\n\t\t\t<\/div>\n\t\t<\/section>\n\t\t","protected":false},"excerpt":{"rendered":"","protected":false},"author":1,"featured_media":0,"parent":0,"menu_order":4,"comment_status":"closed","ping_status":"open","template":"","meta":{"_acf_changed":false,"footnotes":""},"class_list":["post-3","page","type-page","status-publish","hentry"],"acf":[],"yoast_head":"<!-- This site is optimized with the Yoast SEO plugin v26.1.1 - https:\/\/yoast.com\/wordpress\/plugins\/seo\/ -->\n<title>Polityka prywatno\u015bci - Apartamenty Central Park \u015awidnica<\/title>\n<meta name=\"robots\" content=\"index, follow, max-snippet:-1, max-image-preview:large, max-video-preview:-1\" \/>\n<link rel=\"canonical\" href=\"https:\/\/centralpark.pl\/swidnica\/polityka-prywatnosci\/\" \/>\n<meta property=\"og:locale\" content=\"pl_PL\" \/>\n<meta property=\"og:type\" content=\"article\" \/>\n<meta property=\"og:title\" content=\"Polityka prywatno\u015bci - Apartamenty Central Park \u015awidnica\" \/>\n<meta property=\"og:url\" content=\"https:\/\/centralpark.pl\/swidnica\/polityka-prywatnosci\/\" \/>\n<meta property=\"og:site_name\" content=\"Apartamenty Central Park \u015awidnica\" \/>\n<meta property=\"article:publisher\" content=\"https:\/\/www.facebook.com\/gradiinvest\/\" \/>\n<meta property=\"article:modified_time\" content=\"2025-08-12T14:09:31+00:00\" \/>\n<meta name=\"twitter:card\" content=\"summary_large_image\" \/>\n<script type=\"application\/ld+json\" class=\"yoast-schema-graph\">{\"@context\":\"https:\/\/schema.org\",\"@graph\":[{\"@type\":\"WebPage\",\"@id\":\"https:\/\/centralpark.pl\/swidnica\/polityka-prywatnosci\/\",\"url\":\"https:\/\/centralpark.pl\/swidnica\/polityka-prywatnosci\/\",\"name\":\"Polityka prywatno\u015bci - Apartamenty Central Park \u015awidnica\",\"isPartOf\":{\"@id\":\"https:\/\/centralpark.pl\/swidnica\/#website\"},\"datePublished\":\"2025-05-28T08:44:12+00:00\",\"dateModified\":\"2025-08-12T14:09:31+00:00\",\"breadcrumb\":{\"@id\":\"https:\/\/centralpark.pl\/swidnica\/polityka-prywatnosci\/#breadcrumb\"},\"inLanguage\":\"pl-PL\",\"potentialAction\":[{\"@type\":\"ReadAction\",\"target\":[\"https:\/\/centralpark.pl\/swidnica\/polityka-prywatnosci\/\"]}]},{\"@type\":\"BreadcrumbList\",\"@id\":\"https:\/\/centralpark.pl\/swidnica\/polityka-prywatnosci\/#breadcrumb\",\"itemListElement\":[{\"@type\":\"ListItem\",\"position\":1,\"name\":\"Home\",\"item\":\"https:\/\/centralpark.pl\/swidnica\/\"},{\"@type\":\"ListItem\",\"position\":2,\"name\":\"Polityka prywatno\u015bci\"}]},{\"@type\":\"WebSite\",\"@id\":\"https:\/\/centralpark.pl\/swidnica\/#website\",\"url\":\"https:\/\/centralpark.pl\/swidnica\/\",\"name\":\"Apartamenty Central Park \u015awidnica\",\"description\":\"\",\"publisher\":{\"@id\":\"https:\/\/centralpark.pl\/swidnica\/#organization\"},\"potentialAction\":[{\"@type\":\"SearchAction\",\"target\":{\"@type\":\"EntryPoint\",\"urlTemplate\":\"https:\/\/centralpark.pl\/swidnica\/?s={search_term_string}\"},\"query-input\":{\"@type\":\"PropertyValueSpecification\",\"valueRequired\":true,\"valueName\":\"search_term_string\"}}],\"inLanguage\":\"pl-PL\"},{\"@type\":\"Organization\",\"@id\":\"https:\/\/centralpark.pl\/swidnica\/#organization\",\"name\":\"Gradi Invest Sp. z o.o.\",\"url\":\"https:\/\/centralpark.pl\/swidnica\/\",\"logo\":{\"@type\":\"ImageObject\",\"inLanguage\":\"pl-PL\",\"@id\":\"https:\/\/centralpark.pl\/swidnica\/#\/schema\/logo\/image\/\",\"url\":\"https:\/\/centralpark.pl\/swidnica\/wp-content\/uploads\/2025\/05\/logo.svg\",\"contentUrl\":\"https:\/\/centralpark.pl\/swidnica\/wp-content\/uploads\/2025\/05\/logo.svg\",\"caption\":\"Gradi Invest Sp. z o.o.\"},\"image\":{\"@id\":\"https:\/\/centralpark.pl\/swidnica\/#\/schema\/logo\/image\/\"},\"sameAs\":[\"https:\/\/www.facebook.com\/gradiinvest\/\",\"https:\/\/www.youtube.com\/channel\/UCzgYSvKRvxFpNtbGAtmvSwg\"]}]}<\/script>\n<!-- \/ Yoast SEO plugin. -->","yoast_head_json":{"title":"Polityka prywatno\u015bci - Apartamenty Central Park \u015awidnica","robots":{"index":"index","follow":"follow","max-snippet":"max-snippet:-1","max-image-preview":"max-image-preview:large","max-video-preview":"max-video-preview:-1"},"canonical":"https:\/\/centralpark.pl\/swidnica\/polityka-prywatnosci\/","og_locale":"pl_PL","og_type":"article","og_title":"Polityka prywatno\u015bci - Apartamenty Central Park \u015awidnica","og_url":"https:\/\/centralpark.pl\/swidnica\/polityka-prywatnosci\/","og_site_name":"Apartamenty Central Park \u015awidnica","article_publisher":"https:\/\/www.facebook.com\/gradiinvest\/","article_modified_time":"2025-08-12T14:09:31+00:00","twitter_card":"summary_large_image","schema":{"@context":"https:\/\/schema.org","@graph":[{"@type":"WebPage","@id":"https:\/\/centralpark.pl\/swidnica\/polityka-prywatnosci\/","url":"https:\/\/centralpark.pl\/swidnica\/polityka-prywatnosci\/","name":"Polityka prywatno\u015bci - Apartamenty Central Park \u015awidnica","isPartOf":{"@id":"https:\/\/centralpark.pl\/swidnica\/#website"},"datePublished":"2025-05-28T08:44:12+00:00","dateModified":"2025-08-12T14:09:31+00:00","breadcrumb":{"@id":"https:\/\/centralpark.pl\/swidnica\/polityka-prywatnosci\/#breadcrumb"},"inLanguage":"pl-PL","potentialAction":[{"@type":"ReadAction","target":["https:\/\/centralpark.pl\/swidnica\/polityka-prywatnosci\/"]}]},{"@type":"BreadcrumbList","@id":"https:\/\/centralpark.pl\/swidnica\/polityka-prywatnosci\/#breadcrumb","itemListElement":[{"@type":"ListItem","position":1,"name":"Home","item":"https:\/\/centralpark.pl\/swidnica\/"},{"@type":"ListItem","position":2,"name":"Polityka prywatno\u015bci"}]},{"@type":"WebSite","@id":"https:\/\/centralpark.pl\/swidnica\/#website","url":"https:\/\/centralpark.pl\/swidnica\/","name":"Apartamenty Central Park \u015awidnica","description":"","publisher":{"@id":"https:\/\/centralpark.pl\/swidnica\/#organization"},"potentialAction":[{"@type":"SearchAction","target":{"@type":"EntryPoint","urlTemplate":"https:\/\/centralpark.pl\/swidnica\/?s={search_term_string}"},"query-input":{"@type":"PropertyValueSpecification","valueRequired":true,"valueName":"search_term_string"}}],"inLanguage":"pl-PL"},{"@type":"Organization","@id":"https:\/\/centralpark.pl\/swidnica\/#organization","name":"Gradi Invest Sp. z o.o.","url":"https:\/\/centralpark.pl\/swidnica\/","logo":{"@type":"ImageObject","inLanguage":"pl-PL","@id":"https:\/\/centralpark.pl\/swidnica\/#\/schema\/logo\/image\/","url":"https:\/\/centralpark.pl\/swidnica\/wp-content\/uploads\/2025\/05\/logo.svg","contentUrl":"https:\/\/centralpark.pl\/swidnica\/wp-content\/uploads\/2025\/05\/logo.svg","caption":"Gradi Invest Sp. z o.o."},"image":{"@id":"https:\/\/centralpark.pl\/swidnica\/#\/schema\/logo\/image\/"},"sameAs":["https:\/\/www.facebook.com\/gradiinvest\/","https:\/\/www.youtube.com\/channel\/UCzgYSvKRvxFpNtbGAtmvSwg"]}]}},"_links":{"self":[{"href":"https:\/\/centralpark.pl\/swidnica\/wp-json\/wp\/v2\/pages\/3","targetHints":{"allow":["GET"]}}],"collection":[{"href":"https:\/\/centralpark.pl\/swidnica\/wp-json\/wp\/v2\/pages"}],"about":[{"href":"https:\/\/centralpark.pl\/swidnica\/wp-json\/wp\/v2\/types\/page"}],"author":[{"embeddable":true,"href":"https:\/\/centralpark.pl\/swidnica\/wp-json\/wp\/v2\/users\/1"}],"replies":[{"embeddable":true,"href":"https:\/\/centralpark.pl\/swidnica\/wp-json\/wp\/v2\/comments?post=3"}],"version-history":[{"count":6,"href":"https:\/\/centralpark.pl\/swidnica\/wp-json\/wp\/v2\/pages\/3\/revisions"}],"predecessor-version":[{"id":4650,"href":"https:\/\/centralpark.pl\/swidnica\/wp-json\/wp\/v2\/pages\/3\/revisions\/4650"}],"wp:attachment":[{"href":"https:\/\/centralpark.pl\/swidnica\/wp-json\/wp\/v2\/media?parent=3"}],"curies":[{"name":"wp","href":"https:\/\/api.w.org\/{rel}","templated":true}]}}