{"id":4837,"date":"2025-05-28T08:44:12","date_gmt":"2025-05-28T08:44:12","guid":{"rendered":"https:\/\/centralpark.pl\/swidnica\/polityka-prywatnosci\/"},"modified":"2025-10-21T09:19:22","modified_gmt":"2025-10-21T09:19:22","slug":"datenschutzerklaerung","status":"publish","type":"page","link":"https:\/\/centralpark.pl\/swidnica\/de\/datenschutzerklaerung\/","title":{"rendered":"Datenschutzerkl\u00e4rung"},"content":{"rendered":"\t\t<section id=\"\" class=\"page-header\" style=\"background-image: url('https:\/\/centralpark.pl\/swidnica\/wp-content\/uploads\/2025\/08\/Rectangle-4523-scaled.png')\">\n\t\t\t<div class=\"content\">\n\t\t\t\t\t\t\t\t\t<h1>Datenschutzerkl\u00e4rung<\/h1>\n\t\t\t\t\t\t\t<\/div>\n\t\t\t\n\t\t<\/section>\n\t\t<div class=\"container\">\n\t\t\t<div id=\"crumbs\"><a href=\"https:\/\/centralpark.pl\/swidnica\/de\/\">Startseite<\/a> <svg width=\"7\" height=\"10\" viewBox=\"0 0 7 10\" fill=\"none\" xmlns=\"http:\/\/www.w3.org\/2000\/svg\">\n<path d=\"M1 1L5 5L1 9\" stroke=\"#686868\" stroke-width=\"2\"\/>\n<\/svg>\n <span class=\"current\">Seite<\/span><\/div>\t\t<\/div>\n\t\t\n\n\t\t<section id=\"\" class=\"long-text\">\n\t\t\t<div class=\"container\">\n\t\t\t\t<div class=\"long-text__wrapper\">\n\t\t\t\t\t<p><!-- wp:heading {\"level\":3} --><\/p>\n<p>&nbsp;<\/p>\n<h3><span data-contrast=\"auto\">1. Allgemeine Angaben<\/span><\/h3>\n<p><span data-contrast=\"auto\">Diese Datenschutzerkl\u00e4rung gilt f\u00fcr den Onlinedienst unter der URL-Adresse: <strong>swidnica.centralpark.pl.<\/strong> Der Onlinedienstbetreiber und Verantwortliche f\u00fcr die Verarbeitung der personenbezogenen Daten ist: Gradi Invest Sp. z o. o., ul. Paprotna 3A, 51-114 Wroc\u0142aw.<\/span><span data-ccp-props=\"{}\">\u00a0<\/span><\/p>\n<p><span data-contrast=\"auto\">E-Mail des Betreibers:<\/span><span data-ccp-props=\"{}\">\u00a0<\/span><\/p>\n<p><span data-contrast=\"auto\">Wir sind der Verantwortliche f\u00fcr die Verarbeitung der personenbezogenen Daten in Bezug auf die im Onlinedienst freiwillig angegebenen Daten.<\/span><span data-ccp-props=\"{}\">\u00a0<\/span><\/p>\n<p><span data-contrast=\"auto\">Wir verwenden personenbezogene Daten f\u00fcr die folgenden Zwecke:\u00a0<\/span><span data-ccp-props=\"{}\">\u00a0<\/span><\/p>\n<p><span data-contrast=\"auto\">&#8211; Vorbereitung des Newsletters,<\/span><span data-ccp-props=\"{}\">\u00a0<\/span><\/p>\n<p><span data-contrast=\"auto\">&#8211; Bearbeitung von Anfragen \u00fcber das Formular,<\/span><span data-ccp-props=\"{}\">\u00a0<\/span><\/p>\n<p><span data-contrast=\"auto\">&#8211; Pr\u00e4sentation von Angeboten oder Informationen.\u00a0<\/span><span data-ccp-props=\"{}\">\u00a0<\/span><\/p>\n<p><span data-contrast=\"auto\">Der Onlinedienst erfasst Informationen \u00fcber die Nutzer und deren Verhalten auf folgende Weise:<\/span><span data-ccp-props=\"{}\">\u00a0<\/span><\/p>\n<p><span data-contrast=\"auto\">&#8211; durch die freiwillig in die Formulare eingegebenen Daten, die in unsere Systeme eingegeben werden;<\/span><span data-ccp-props=\"{}\">\u00a0<\/span><\/p>\n<p><span data-contrast=\"auto\">&#8211; durch die Speicherung von Cookies auf den Endger\u00e4ten.<\/span><span data-ccp-props=\"{}\">\u00a0<\/span><\/p>\n<h3><span data-contrast=\"auto\">2. Ausgew\u00e4hlte Datenschutzmethoden, die durch den Betreiber angewandt werden<\/span><\/h3>\n<p><span data-contrast=\"auto\">Die Bereiche f\u00fcr die Anmeldung und die Eingabe personenbezogener Daten sind auf der \u00dcbertragungsebene gesch\u00fctzt (SSL-Zertifikat). Dadurch wird sichergestellt, dass die auf der Website eingegebenen pers\u00f6nlichen Daten und Anmeldedaten auf dem Computer des Nutzers verschl\u00fcsselt werden und nur auf dem Zielserver abgelesen werden k\u00f6nnen.<\/span><span data-ccp-props=\"{}\">\u00a0<\/span><\/p>\n<p><span data-contrast=\"auto\">Die in der Datenbank gespeicherten personenbezogenen Daten werden so verschl\u00fcsselt, dass nur der Betreiber, welcher den Schl\u00fcssel besitzt, sie ablesen kann. Dadurch werden die Daten gesch\u00fctzt, falls die Datenbank vom Server gestohlen wird.<\/span><span data-ccp-props=\"{}\">\u00a0<\/span><\/p>\n<p><span data-contrast=\"auto\">Benutzerpassw\u00f6rter werden in gehashter Form gespeichert. Die Hash-Funktion ist unidirektional und kann nicht umgekehrt werden, was dem aktuellen Standard f\u00fcr die Passwortspeicherung entspricht.<\/span><span data-ccp-props=\"{}\">\u00a0<\/span><\/p>\n<p><span data-contrast=\"auto\">Ein wichtiges Element des Datenschutzes ist die regelm\u00e4\u00dfige Aktualisierung der gesamten Software, die vom Betreiber zur Verarbeitung personenbezogener Daten eingesetzt wird, d.h. insbesondere die regelm\u00e4\u00dfige Aktualisierung der Softwarekomponenten.<\/span><span data-ccp-props=\"{}\">\u00a0<\/span><\/p>\n<h3><span data-contrast=\"auto\">3. Hosting<\/span><\/h3>\n<p><span data-contrast=\"auto\">Der Onlinedienst wird auf dem Server des Betreibers home.pl gehostet (technisch unterhalten)<\/span><span data-ccp-props=\"{}\">\u00a0<\/span><\/p>\n<h3><span data-contrast=\"auto\">4. Ihre Rechte und zus\u00e4tzliche Informationen zur Nutzung der Daten<\/span><\/h3>\n<p><span data-contrast=\"auto\">In bestimmten Situationen hat der Verantwortliche das Recht, Ihre personenbezogenen Daten an andere Empf\u00e4nger zu \u00fcbermitteln, wenn dies f\u00fcr die Erf\u00fcllung eines mit Ihnen geschlossenen Vertrags oder unserer Verpflichtungen erforderlich ist. Dies gilt f\u00fcr diese Publikumsgruppen:<\/span><span data-ccp-props=\"{}\">\u00a0<\/span><\/p>\n<p><span data-contrast=\"auto\">&#8211; autorisierte Mitarbeiter und Partner, die die Daten zur Erf\u00fcllung des Zwecks des Onlinedienstes verwenden;<\/span><span data-ccp-props=\"{}\">\u00a0<\/span><\/p>\n<p><span data-contrast=\"auto\">&#8211; Unternehmen, die Marketingdienstleistungen f\u00fcr den Verantwortlichen erbringen.<\/span><span data-ccp-props=\"{}\">\u00a0<\/span><\/p>\n<p><span data-contrast=\"auto\">Ihre personenbezogenen Daten werden von uns nur so lange verarbeitet, wie es f\u00fcr die Durchf\u00fchrung der damit verbundenen, in gesonderten Vorschriften festgelegten T\u00e4tigkeiten (z. B. zur Buchf\u00fchrung) erforderlich ist. In Bezug auf Marketingdaten werden die Daten nicht l\u00e4nger als 3 Jahre verarbeitet.<\/span><span data-ccp-props=\"{}\">\u00a0<\/span><\/p>\n<p><span data-contrast=\"auto\">Sie haben das Recht, sich an uns zu wenden und das Folgende zu fordern:<\/span><span data-ccp-props=\"{}\">\u00a0<\/span><\/p>\n<p><span data-contrast=\"auto\">&#8211; Zugang zu Ihren personenbezogenen Daten,<\/span><span data-ccp-props=\"{}\">\u00a0<\/span><\/p>\n<p><span data-contrast=\"auto\">&#8211; Berichtigung Ihrer Daten,<\/span><span data-ccp-props=\"{}\">\u00a0<\/span><\/p>\n<p><span data-contrast=\"auto\">&#8211; L\u00f6schung Ihrer Daten,<\/span><span data-ccp-props=\"{}\">\u00a0<\/span><\/p>\n<p><span data-contrast=\"auto\">&#8211; Einschr\u00e4nkung der Verarbeitung,<\/span><span data-ccp-props=\"{}\">\u00a0<\/span><\/p>\n<p><span data-contrast=\"auto\">&#8211; \u00dcbertragbarkeit der Daten.<\/span><span data-ccp-props=\"{}\">\u00a0<\/span><\/p>\n<p><span data-contrast=\"auto\">Sie haben das Recht, der unter 3.3 c) genannten Verarbeitung personenbezogener Daten zur Wahrung der berechtigten Interessen des f\u00fcr die Verarbeitung Verantwortlichen, einschlie\u00dflich des Profilings, zu widersprechen, wobei das Widerspruchsrecht nicht ausge\u00fcbt werden kann, wenn berechtigte Gr\u00fcnde f\u00fcr die Verarbeitung vorliegen, die Ihre Interessen, Rechte und Freiheiten \u00fcberwiegen, insbesondere die Feststellung, Geltendmachung oder Verteidigung von Anspr\u00fcchen.<\/span><span data-ccp-props=\"{}\">\u00a0<\/span><\/p>\n<p><span data-contrast=\"auto\">Gegen die Handlungen des Verantwortlichen kann beim Pr\u00e4sidenten des Amtes f\u00fcr den Schutz personenbezogener Daten, ul. Stawki 2, 00-193 Warszawa, Beschwerde eingelegt werden.<\/span><span data-ccp-props=\"{}\">\u00a0<\/span><\/p>\n<p><span data-contrast=\"auto\">Die Angabe von personenbezogenen Daten ist freiwillig, aber f\u00fcr den Betrieb des Onlinedienstes erforderlich.<\/span><span data-ccp-props=\"{}\">\u00a0<\/span><\/p>\n<p><span data-contrast=\"auto\">Sie k\u00f6nnen automatisierter Entscheidungsfindung, einschlie\u00dflich Profiling, zum Zweck der Erbringung von Dienstleistungen im Rahmen des geschlossenen Vertrags und zum Zweck der Direktwerbung unterworfen werden.<\/span><span data-ccp-props=\"{}\">\u00a0<\/span><\/p>\n<p><span data-contrast=\"auto\">Personenbezogene Daten werden nicht in Drittl\u00e4nder im Sinne der Datenschutzgesetzgebung \u00fcbermittelt. Das bedeutet, dass wir sie nicht in L\u00e4nder au\u00dferhalb der Europ\u00e4ischen Union versenden.<\/span><span data-ccp-props=\"{}\">\u00a0<\/span><\/p>\n<h3><span data-contrast=\"auto\">5. Informationen zu den Formularen<\/span><\/h3>\n<p><span data-contrast=\"auto\">Der Onlinedienst sammelt Informationen, die der Nutzer freiwillig zur Verf\u00fcgung stellt, einschlie\u00dflich personenbezogener Daten, sofern diese zur Verf\u00fcgung gestellt werden.<\/span><span data-ccp-props=\"{}\">\u00a0<\/span><\/p>\n<p><span data-contrast=\"auto\">Der Onlinedienst kann Informationen \u00fcber die Verbindungsparameter (Zeitstempel, IP-Adresse) speichern.<\/span><span data-ccp-props=\"{}\">\u00a0<\/span><\/p>\n<p><span data-contrast=\"auto\">In einigen F\u00e4llen kann der Onlinedienst Informationen aufzeichnen, um die Daten im Formular mit der E-Mail-Adresse des Nutzers, der das Formular ausf\u00fcllt, zu verkn\u00fcpfen. In diesem Fall erscheint die E-Mail-Adresse des Nutzers innerhalb der URL der Seite, die das Formular enth\u00e4lt.<\/span><span data-ccp-props=\"{}\">\u00a0<\/span><\/p>\n<p><span data-contrast=\"auto\">Die in das Formular eingegebenen Daten werden zu dem Zweck verarbeitet, der sich aus der Funktion des jeweiligen Formulars ergibt, z. B. f\u00fcr die Bearbeitung von Serviceanfragen oder Gesch\u00e4ftskontakten, die Registrierung von Dienstleistungen usw. In jedem Fall geht aus dem Kontext und der Beschreibung des Formulars klar hervor, wof\u00fcr es bestimmt ist.<\/span><span data-ccp-props=\"{}\">\u00a0<\/span><\/p>\n<h3><span data-contrast=\"auto\">6. Verwalter-Protokolle<\/span><\/h3>\n<p><span data-contrast=\"auto\">Informationen \u00fcber das Nutzerverhalten im Onlinedienst k\u00f6nnen protokolliert werden. Die Daten werden f\u00fcr statistische und administrative Zwecke verwendet.<\/span><span data-ccp-props=\"{}\">\u00a0<\/span><\/p>\n<h3><span data-contrast=\"auto\">7. Wesentliche Marketingtechniken<\/span><\/h3>\n<p><span data-contrast=\"auto\">Wir nutzen die statistische Auswertung des Website-Traffics mittels Google Analytics (Google Inc., mit Sitz in den USA). Wir \u00fcbermitteln keine personenbezogenen Daten an den Betreiber dieses Dienstes, sondern nur anonymisierte Informationen. Der Dienst basiert auf der Verwendung von Cookies auf dem Endger\u00e4t des Nutzers. Hinsichtlich der vom Google-Werbenetzwerk gesammelten Informationen \u00fcber die Nutzerpr\u00e4ferenzen kann der Nutzer die aus den Cookies resultierenden Informationen mit dem Tool https:\/\/www.google.com\/ads\/preferences\/ einsehen und bearbeiten.<\/span><span data-ccp-props=\"{}\">\u00a0<\/span><\/p>\n<p><span data-contrast=\"auto\">Der Betreiber verwendet Remarketing-Techniken, um Werbebotschaften auf das Verhalten des Nutzers auf der Website abzustimmen, was den Anschein erwecken kann, dass die personenbezogenen Daten des Nutzers verwendet werden, um den Nutzer zu verfolgen, aber in der Praxis werden keine personenbezogenen Daten von uns an die Werbebetreiber \u00fcbermittelt. Eine technische Voraussetzung daf\u00fcr ist, dass Cookies aktiviert sind.<\/span><span data-ccp-props=\"{}\">\u00a0<\/span><\/p>\n<p><span data-contrast=\"auto\">Wir verwenden Facebook Pixel. Diese Technologie bedeutet, dass Facebook (Facebook Inc., mit Sitz in den USA) wei\u00df, dass eine bei ihm registrierte Person den Onlinedienst nutzt. In diesem Fall basiert er auf Daten, f\u00fcr die er selbst der Verantwortliche ist. In diesem Fall gibt der Betreiber keine zus\u00e4tzlichen personenbezogenen Daten an Facebook weiter. Der Dienst basiert auf der Verwendung von Cookies auf dem Endger\u00e4t des Nutzers.<\/span><span data-ccp-props=\"{}\">\u00a0<\/span><\/p>\n<h3><span data-contrast=\"auto\">8. Informationen \u00fcber Cookies<\/span><\/h3>\n<p><span data-contrast=\"auto\">Der Onlinedienst verwendet Cookies.<\/span><span data-ccp-props=\"{}\">\u00a0<\/span><\/p>\n<p><span data-contrast=\"auto\">Cookies sind IT-Daten, insbesondere Textdateien, die auf dem Endger\u00e4t des Nutzers des Onlinedienstes gespeichert werden und f\u00fcr die Nutzung der Websites des Onlinedienstes bestimmt sind. Cookies enthalten in der Regel den Namen der Website, von der sie stammen, die Dauer der Speicherung auf dem Endger\u00e4t und eine eindeutige Nummer.<\/span><span data-ccp-props=\"{}\">\u00a0<\/span><\/p>\n<p><span data-contrast=\"auto\">Die Einheit, die Cookies auf dem Endger\u00e4t des Onlinedienstnutzers platziert und Zugriff darauf erh\u00e4lt, ist der Betreiber des Onlinedienstes.<\/span><span data-ccp-props=\"{}\">\u00a0<\/span><\/p>\n<p><span data-contrast=\"auto\">Cookies werden f\u00fcr die folgenden Zwecke verwendet:<\/span><span data-ccp-props=\"{}\">\u00a0<\/span><\/p>\n<p><span data-contrast=\"auto\">&#8211; Aufrechterhaltung einer Sitzung des Onlinedienstnutzers (nach dem Einloggen), dank derer der Nutzer sein Login und sein Passwort nicht auf jeder Unterseite des Onlinedienstes erneut eingeben muss;<\/span><span data-ccp-props=\"{}\">\u00a0<\/span><\/p>\n<p><span data-contrast=\"auto\">&#8211; um die oben unter \u201eWesentliche Marketingtechniken\u201c genannten Ziele zu erreichen.<\/span><span data-ccp-props=\"{}\">\u00a0<\/span><\/p>\n<p><span data-contrast=\"auto\">Der Onlinedienst verwendet zwei Haupttypen von Cookies: \u201eSitzungscookies\u201c und \u201epermanente Cookies\u201c (dauerhafte Cookies). Sitzungscookies sind tempor\u00e4re Dateien, die auf dem Endger\u00e4t des Nutzers gespeichert werden, bis sich der Nutzer abmeldet, die Website verl\u00e4sst oder die Software (Webbrowser) ausschaltet. Permanente Cookies werden auf dem Endger\u00e4t des Nutzers f\u00fcr die in den Parametern der Cookies angegebene Zeit oder bis zu ihrer L\u00f6schung durch den Nutzer gespeichert.<\/span><span data-ccp-props=\"{}\">\u00a0<\/span><\/p>\n<p><span data-contrast=\"auto\">Der Webbrowser erlaubt in der Regel standardm\u00e4\u00dfig die Speicherung von Cookies auf dem Endger\u00e4t des Nutzers. Die Nutzer des Onlinedienstes k\u00f6nnen ihre diesbez\u00fcglichen Einstellungen \u00e4ndern. Ihr Webbrowser erlaubt es Ihnen, Cookies zu l\u00f6schen. Es ist auch m\u00f6glich, Cookies automatisch zu blockieren. Einzelheiten hierzu entnehmen Sie bitte der Hilfe oder Dokumentation Ihres Browsers.<\/span><span data-ccp-props=\"{}\">\u00a0<\/span><\/p>\n<p><span data-contrast=\"auto\">Einschr\u00e4nkungen bei der Verwendung von Cookies k\u00f6nnen einige der auf der Website verf\u00fcgbaren Funktionen beeintr\u00e4chtigen.<\/span><span data-ccp-props=\"{}\">\u00a0<\/span><\/p>\n<p><span data-contrast=\"auto\">Die im Endger\u00e4t des Nutzers platzierten Cookies k\u00f6nnen auch von Einrichtungen verwendet werden, die mit uns zusammenarbeiten, insbesondere: Google (Google Inc. mit Sitz in den USA), Facebook (Facebook Inc. mit Sitz in den USA), Twitter (Twitter Inc. mit Sitz in den USA).<\/span><span data-ccp-props=\"{}\">\u00a0<\/span><\/p>\n<h3><span data-contrast=\"auto\">9. Verwaltung von Cookies &#8211; wie kann die Einwilligung in der Praxis erteilt und zur\u00fcckgezogen werden?<\/span><\/h3>\n<p><span data-contrast=\"auto\">Wenn Sie keine Cookies erhalten m\u00f6chten, k\u00f6nnen Sie Ihre Browsereinstellungen \u00e4ndern. Bitte beachten Sie, dass die Deaktivierung von Cookies, die f\u00fcr Authentifizierungsprozesse, die Sicherheit und die Speicherung von Benutzerpr\u00e4ferenzen unerl\u00e4sslich sind, die Nutzung der Websites erschweren und in extremen F\u00e4llen unm\u00f6glich machen kann.<\/span><span data-ccp-props=\"{}\">\u00a0<\/span><\/p>\n<p><span data-contrast=\"auto\">Um Ihre Cookie-Einstellungen zu verwalten, w\u00e4hlen Sie den von Ihnen verwendeten Webbrowser aus der nachstehenden Liste aus und folgen Sie den Anweisungen:<\/span><span data-ccp-props=\"{}\">\u00a0<\/span><\/p>\n<ul>\n<li><a href=\"https:\/autoinstalator\/wordpress5\/support.microsoft.com\/pl-pl\/microsoft-edge\/wy%2525C5%25259Bwietlanie-i-usuwanie-historii-przegl%2525C4%252585darki-w-programie-microsoft-edge-00cf7943-a9e1-975a-a33d-ac10ce454ca4\">Edge<\/a><\/li>\n<li><a href=\"https:\/autoinstalator\/wordpress5\/support.microsoft.com\/pl-pl\/topic\/jak-usun%2525C4%252585%2525C4%252587-pliki-cookie-w-programie-internet-explorer-bca9446f-d873-78de-77ba-d42645fa52fc\">Internet Explorer<\/a><\/li>\n<li><a href=\"https:\/autoinstalator\/wordpress5\/support.google.com\/chrome\/answer\/95647?hl=pl\">Chrome<\/a><\/li>\n<li><a href=\"https:\/autoinstalator\/wordpress5\/support.apple.com\/pl-pl\/guide\/safari\/sfri11471\/mac\">Safari<\/a><\/li>\n<li><a href=\"https:\/autoinstalator\/wordpress5\/support.mozilla.org\/pl\/kb\/wzmocniona-ochrona-przed-sledzeniem-firefox-desktop?redirectslug=W%2525C5%252582%2525C4%252585czanie+i+wy%2525C5%252582%2525C4%252585czanie+obs%2525C5%252582ugi+ciasteczek&amp;redirectlocale=pl\">Firefox<\/a><\/li>\n<li><a href=\"https:\/autoinstalator\/wordpress5\/help.opera.com\/pl\/latest\/web-preferences\/#cookies\">Opera<\/a><\/li>\n<\/ul>\n<p><!-- \/wp:heading --><\/p>\n<p><!-- \/wp:list --> <!-- wp:paragraph --><\/p>\n<p><span data-contrast=\"auto\">Mobile Ger\u00e4te:<\/span><\/p>\n<ul>\n<li><a href=\"https:\/autoinstalator\/wordpress5\/support.google.com\/chrome\/answer\/95647?hl=pl\">Android<\/a><\/li>\n<li><a href=\"https:\/autoinstalator\/wordpress5\/support.apple.com\/pl-pl\/HT201265\">Safari (iOS)<\/a><\/li>\n<li><a href=\"https:\/autoinstalator\/wordpress5\/support.microsoft.com\/pl-pl\/windows\/windows-phone-7-3ebc303c-59c0-d367-3995-f258b184fabb\">Windows Phone<\/a><\/li>\n<\/ul>\n<p><!-- \/wp:list-item --><\/p>\n<p><!-- \/wp:list --><\/p>\n\t\t\t\t<\/div>\n\t\t\t<\/div>\n\t\t<\/section>\n\t\t","protected":false},"excerpt":{"rendered":"","protected":false},"author":1,"featured_media":0,"parent":0,"menu_order":4,"comment_status":"closed","ping_status":"open","template":"","meta":{"_acf_changed":false,"footnotes":""},"class_list":["post-4837","page","type-page","status-publish","hentry"],"acf":[],"yoast_head":"<!-- This site is optimized with the Yoast SEO plugin v26.1.1 - https:\/\/yoast.com\/wordpress\/plugins\/seo\/ -->\n<title>Datenschutzerkl\u00e4rung - Apartamenty Central Park \u015awidnica<\/title>\n<meta name=\"robots\" content=\"index, follow, max-snippet:-1, max-image-preview:large, max-video-preview:-1\" \/>\n<link rel=\"canonical\" href=\"https:\/\/centralpark.pl\/swidnica\/de\/datenschutzerklaerung\/\" \/>\n<meta property=\"og:locale\" content=\"de_DE\" \/>\n<meta property=\"og:type\" content=\"article\" \/>\n<meta property=\"og:title\" content=\"Datenschutzerkl\u00e4rung - Apartamenty Central Park \u015awidnica\" \/>\n<meta property=\"og:url\" content=\"https:\/\/centralpark.pl\/swidnica\/de\/datenschutzerklaerung\/\" \/>\n<meta property=\"og:site_name\" content=\"Apartamenty Central Park \u015awidnica\" \/>\n<meta property=\"article:publisher\" content=\"https:\/\/www.facebook.com\/gradiinvest\/\" \/>\n<meta property=\"article:modified_time\" content=\"2025-10-21T09:19:22+00:00\" \/>\n<meta name=\"twitter:card\" content=\"summary_large_image\" \/>\n<script type=\"application\/ld+json\" class=\"yoast-schema-graph\">{\"@context\":\"https:\/\/schema.org\",\"@graph\":[{\"@type\":\"WebPage\",\"@id\":\"https:\/\/centralpark.pl\/swidnica\/de\/datenschutzerklaerung\/\",\"url\":\"https:\/\/centralpark.pl\/swidnica\/de\/datenschutzerklaerung\/\",\"name\":\"Datenschutzerkl\u00e4rung - Apartamenty Central Park \u015awidnica\",\"isPartOf\":{\"@id\":\"https:\/\/centralpark.pl\/swidnica\/#website\"},\"datePublished\":\"2025-05-28T08:44:12+00:00\",\"dateModified\":\"2025-10-21T09:19:22+00:00\",\"breadcrumb\":{\"@id\":\"https:\/\/centralpark.pl\/swidnica\/de\/datenschutzerklaerung\/#breadcrumb\"},\"inLanguage\":\"de\",\"potentialAction\":[{\"@type\":\"ReadAction\",\"target\":[\"https:\/\/centralpark.pl\/swidnica\/de\/datenschutzerklaerung\/\"]}]},{\"@type\":\"BreadcrumbList\",\"@id\":\"https:\/\/centralpark.pl\/swidnica\/de\/datenschutzerklaerung\/#breadcrumb\",\"itemListElement\":[{\"@type\":\"ListItem\",\"position\":1,\"name\":\"Home\",\"item\":\"https:\/\/centralpark.pl\/swidnica\/de\/\"},{\"@type\":\"ListItem\",\"position\":2,\"name\":\"Datenschutzerkl\u00e4rung\"}]},{\"@type\":\"WebSite\",\"@id\":\"https:\/\/centralpark.pl\/swidnica\/#website\",\"url\":\"https:\/\/centralpark.pl\/swidnica\/\",\"name\":\"Apartamenty Central Park \u015awidnica\",\"description\":\"\",\"publisher\":{\"@id\":\"https:\/\/centralpark.pl\/swidnica\/#organization\"},\"potentialAction\":[{\"@type\":\"SearchAction\",\"target\":{\"@type\":\"EntryPoint\",\"urlTemplate\":\"https:\/\/centralpark.pl\/swidnica\/?s={search_term_string}\"},\"query-input\":{\"@type\":\"PropertyValueSpecification\",\"valueRequired\":true,\"valueName\":\"search_term_string\"}}],\"inLanguage\":\"de\"},{\"@type\":\"Organization\",\"@id\":\"https:\/\/centralpark.pl\/swidnica\/#organization\",\"name\":\"Gradi Invest Sp. z o.o.\",\"url\":\"https:\/\/centralpark.pl\/swidnica\/\",\"logo\":{\"@type\":\"ImageObject\",\"inLanguage\":\"de\",\"@id\":\"https:\/\/centralpark.pl\/swidnica\/#\/schema\/logo\/image\/\",\"url\":\"https:\/\/centralpark.pl\/swidnica\/wp-content\/uploads\/2025\/05\/logo.svg\",\"contentUrl\":\"https:\/\/centralpark.pl\/swidnica\/wp-content\/uploads\/2025\/05\/logo.svg\",\"caption\":\"Gradi Invest Sp. z o.o.\"},\"image\":{\"@id\":\"https:\/\/centralpark.pl\/swidnica\/#\/schema\/logo\/image\/\"},\"sameAs\":[\"https:\/\/www.facebook.com\/gradiinvest\/\",\"https:\/\/www.youtube.com\/channel\/UCzgYSvKRvxFpNtbGAtmvSwg\"]}]}<\/script>\n<!-- \/ Yoast SEO plugin. -->","yoast_head_json":{"title":"Datenschutzerkl\u00e4rung - Apartamenty Central Park \u015awidnica","robots":{"index":"index","follow":"follow","max-snippet":"max-snippet:-1","max-image-preview":"max-image-preview:large","max-video-preview":"max-video-preview:-1"},"canonical":"https:\/\/centralpark.pl\/swidnica\/de\/datenschutzerklaerung\/","og_locale":"de_DE","og_type":"article","og_title":"Datenschutzerkl\u00e4rung - Apartamenty Central Park \u015awidnica","og_url":"https:\/\/centralpark.pl\/swidnica\/de\/datenschutzerklaerung\/","og_site_name":"Apartamenty Central Park \u015awidnica","article_publisher":"https:\/\/www.facebook.com\/gradiinvest\/","article_modified_time":"2025-10-21T09:19:22+00:00","twitter_card":"summary_large_image","schema":{"@context":"https:\/\/schema.org","@graph":[{"@type":"WebPage","@id":"https:\/\/centralpark.pl\/swidnica\/de\/datenschutzerklaerung\/","url":"https:\/\/centralpark.pl\/swidnica\/de\/datenschutzerklaerung\/","name":"Datenschutzerkl\u00e4rung - Apartamenty Central Park \u015awidnica","isPartOf":{"@id":"https:\/\/centralpark.pl\/swidnica\/#website"},"datePublished":"2025-05-28T08:44:12+00:00","dateModified":"2025-10-21T09:19:22+00:00","breadcrumb":{"@id":"https:\/\/centralpark.pl\/swidnica\/de\/datenschutzerklaerung\/#breadcrumb"},"inLanguage":"de","potentialAction":[{"@type":"ReadAction","target":["https:\/\/centralpark.pl\/swidnica\/de\/datenschutzerklaerung\/"]}]},{"@type":"BreadcrumbList","@id":"https:\/\/centralpark.pl\/swidnica\/de\/datenschutzerklaerung\/#breadcrumb","itemListElement":[{"@type":"ListItem","position":1,"name":"Home","item":"https:\/\/centralpark.pl\/swidnica\/de\/"},{"@type":"ListItem","position":2,"name":"Datenschutzerkl\u00e4rung"}]},{"@type":"WebSite","@id":"https:\/\/centralpark.pl\/swidnica\/#website","url":"https:\/\/centralpark.pl\/swidnica\/","name":"Apartamenty Central Park \u015awidnica","description":"","publisher":{"@id":"https:\/\/centralpark.pl\/swidnica\/#organization"},"potentialAction":[{"@type":"SearchAction","target":{"@type":"EntryPoint","urlTemplate":"https:\/\/centralpark.pl\/swidnica\/?s={search_term_string}"},"query-input":{"@type":"PropertyValueSpecification","valueRequired":true,"valueName":"search_term_string"}}],"inLanguage":"de"},{"@type":"Organization","@id":"https:\/\/centralpark.pl\/swidnica\/#organization","name":"Gradi Invest Sp. z o.o.","url":"https:\/\/centralpark.pl\/swidnica\/","logo":{"@type":"ImageObject","inLanguage":"de","@id":"https:\/\/centralpark.pl\/swidnica\/#\/schema\/logo\/image\/","url":"https:\/\/centralpark.pl\/swidnica\/wp-content\/uploads\/2025\/05\/logo.svg","contentUrl":"https:\/\/centralpark.pl\/swidnica\/wp-content\/uploads\/2025\/05\/logo.svg","caption":"Gradi Invest Sp. z o.o."},"image":{"@id":"https:\/\/centralpark.pl\/swidnica\/#\/schema\/logo\/image\/"},"sameAs":["https:\/\/www.facebook.com\/gradiinvest\/","https:\/\/www.youtube.com\/channel\/UCzgYSvKRvxFpNtbGAtmvSwg"]}]}},"_links":{"self":[{"href":"https:\/\/centralpark.pl\/swidnica\/de\/wp-json\/wp\/v2\/pages\/4837","targetHints":{"allow":["GET"]}}],"collection":[{"href":"https:\/\/centralpark.pl\/swidnica\/de\/wp-json\/wp\/v2\/pages"}],"about":[{"href":"https:\/\/centralpark.pl\/swidnica\/de\/wp-json\/wp\/v2\/types\/page"}],"author":[{"embeddable":true,"href":"https:\/\/centralpark.pl\/swidnica\/de\/wp-json\/wp\/v2\/users\/1"}],"replies":[{"embeddable":true,"href":"https:\/\/centralpark.pl\/swidnica\/de\/wp-json\/wp\/v2\/comments?post=4837"}],"version-history":[{"count":5,"href":"https:\/\/centralpark.pl\/swidnica\/de\/wp-json\/wp\/v2\/pages\/4837\/revisions"}],"predecessor-version":[{"id":5624,"href":"https:\/\/centralpark.pl\/swidnica\/de\/wp-json\/wp\/v2\/pages\/4837\/revisions\/5624"}],"wp:attachment":[{"href":"https:\/\/centralpark.pl\/swidnica\/de\/wp-json\/wp\/v2\/media?parent=4837"}],"curies":[{"name":"wp","href":"https:\/\/api.w.org\/{rel}","templated":true}]}}